{"id":21176,"date":"2021-03-26T19:55:37","date_gmt":"2021-03-26T14:25:37","guid":{"rendered":"https:\/\/alrayame.com\/aidaclinic\/?page_id=21176"},"modified":"2021-03-26T20:01:53","modified_gmt":"2021-03-26T14:31:53","slug":"test","status":"publish","type":"page","link":"https:\/\/aidaclinic.qa\/ar\/test\/","title":{"rendered":"Test"},"content":{"rendered":"<section class=\"wpb-content-wrapper\"><style data-id=\"designthemes\" type=\"text\/css\">.vc_custom_1561963352929{padding-top: 45px !important;padding-bottom: 30px !important;}<\/style><div  data-delay=\"0\" class=\"vc_row wpb_row vc_row-fluid vc_custom_1561963352929\"><div class=\"wpb_column vc_column_container vc_col-sm-12\" data-delay=\"0\"><div class=\"vc_column-inner\"><div class=\"wpb_wrapper\"><div id=\"1561468949151-becbbe64-dd4b\" class=\"dt-sc-empty-space\"><\/div><div class=\"vc_row wpb_row vc_inner vc_row-fluid\"><div class=\"rs_col-sm-6 wpb_column vc_column_container vc_col-sm-3 vc_col-lg-3 vc_col-md-6\"><div class=\"vc_column-inner\"><div class=\"wpb_wrapper\"><div class='dt-sc-image-caption type4' data-delay='0'><div class='dt-sc-image-wrapper'><img loading=\"lazy\" decoding=\"async\" width=\"450\" height=\"568\" src=\"https:\/\/aidaclinic.qa\/wp-content\/uploads\/2019\/06\/service-img-cap1.jpg\" class=\"attachment-full\" alt=\"\" title=\"service-img-cap1\" srcset=\"https:\/\/aidaclinic.qa\/wp-content\/uploads\/2019\/06\/service-img-cap1.jpg 450w, https:\/\/aidaclinic.qa\/wp-content\/uploads\/2019\/06\/service-img-cap1-238x300.jpg 238w\" sizes=\"auto, (max-width: 450px) 100vw, 450px\" \/><\/div><div class='dt-sc-image-content'><div class='dt-sc-image-title'><h3><a href=\"http:\/\/meni.wpengine.com\/procedure\/cosmetic-treatment\/\" target=\"_blank\" title=\"Cosmetic\">Cosmetic<\/a><\/h3><h6><span>01.<\/span>Your appearance<\/h6><\/div><p>Estetick\u00e9 b\u00edl\u00e9 zubn\u00ed v\u00fdpln\u011b, zubn\u00ed inlay \/ onlay, keramick\u00e9 fasety, korunky.<br>\n<a href='http:\/\/meni.wpengine.com\/procedure\/cosmetic-treatment\/' target='_blank' title='Cosmetic' class='dt-sc-button   medium icon-right with-icon  bordered  type2' data-delay='0' > \u0627\u0637\u0644\u0639 \u0639\u0644\u0649 \u0627\u0644\u062e\u062f\u0645\u0627\u062a <span class='fa fa-chevron-right'> <\/span><\/a><\/p><\/div><\/div><div id=\"1561615114178-73c8e624-fbfa\" class=\"dt-sc-empty-space\"><\/div><\/div><\/div><\/div><div class=\"rs_col-sm-6 wpb_column vc_column_container vc_col-sm-3 vc_col-lg-3 vc_col-md-6\"><div class=\"vc_column-inner\"><div class=\"wpb_wrapper\"><\/div><\/div><\/div><div class=\"rs_col-sm-6 wpb_column vc_column_container vc_col-sm-3 vc_col-lg-3 vc_col-md-6\"><div class=\"vc_column-inner\"><div class=\"wpb_wrapper\"><\/div><\/div><\/div><div class=\"wpb_column vc_column_container vc_col-sm-3\"><div class=\"vc_column-inner\"><div class=\"wpb_wrapper\"><\/div><\/div><\/div><\/div><div id=\"1561469157293-f9760062-2bb4\" class=\"dt-sc-empty-space\"><\/div><\/div><\/div><\/div><\/div>\n<\/section>","protected":false},"excerpt":{"rendered":"Cosmetic01.Your appearanceEstetick\u00e9 b\u00edl\u00e9 zubn\u00ed v\u00fdpln\u011b, zubn\u00ed inlay \/ onlay, keramick\u00e9 fasety, korunky. View Services","protected":false},"author":1,"featured_media":0,"parent":0,"menu_order":0,"comment_status":"closed","ping_status":"closed","template":"","meta":{"footnotes":""},"class_list":["post-21176","page","type-page","status-publish","hentry"],"_links":{"self":[{"href":"https:\/\/aidaclinic.qa\/ar\/wp-json\/wp\/v2\/pages\/21176","targetHints":{"allow":["GET"]}}],"collection":[{"href":"https:\/\/aidaclinic.qa\/ar\/wp-json\/wp\/v2\/pages"}],"about":[{"href":"https:\/\/aidaclinic.qa\/ar\/wp-json\/wp\/v2\/types\/page"}],"author":[{"embeddable":true,"href":"https:\/\/aidaclinic.qa\/ar\/wp-json\/wp\/v2\/users\/1"}],"replies":[{"embeddable":true,"href":"https:\/\/aidaclinic.qa\/ar\/wp-json\/wp\/v2\/comments?post=21176"}],"version-history":[{"count":0,"href":"https:\/\/aidaclinic.qa\/ar\/wp-json\/wp\/v2\/pages\/21176\/revisions"}],"wp:attachment":[{"href":"https:\/\/aidaclinic.qa\/ar\/wp-json\/wp\/v2\/media?parent=21176"}],"curies":[{"name":"wp","href":"https:\/\/api.w.org\/{rel}","templated":true}]}}